{"id":2,"date":"2022-10-22T12:47:36","date_gmt":"2022-10-22T09:47:36","guid":{"rendered":"http:\/\/www.bklsupport.site\/?page_id=2"},"modified":"2025-12-24T17:17:21","modified_gmt":"2025-12-24T14:17:21","slug":"ornek-sayfa","status":"publish","type":"page","link":"https:\/\/www.bklbilisim.com\/?page_id=2","title":{"rendered":"Contact"},"content":{"rendered":"\n<p style=\"font-size:25px\">BKL Bili\u015fim Teknolojileri Yaz\u0131l\u0131m Dan\u0131\u015fmanl\u0131k E\u011fitim Tic. Ltd. \u015eti.<\/p>\n\n\n\n<div class=\"wp-block-columns is-layout-flex wp-container-core-columns-is-layout-2 wp-block-columns-is-layout-flex\">\n<div class=\"wp-block-column is-layout-flow wp-block-column-is-layout-flow\" style=\"flex-basis:100%\">\n<div class=\"wp-block-columns is-layout-flex wp-container-core-columns-is-layout-1 wp-block-columns-is-layout-flex\">\n<div class=\"wp-block-column is-layout-flow wp-block-column-is-layout-flow\" style=\"flex-basis:66.67%\">\n<div class=\"wp-block-group alignfull has-medium-font-size\"><div class=\"wp-block-group__inner-container is-layout-flow wp-block-group-is-layout-flow\">\n<p class=\"has-medium-font-size\"><img loading=\"lazy\" decoding=\"async\" width=\"50\" height=\"45\" class=\"wp-image-180\" style=\"width: 50px;\" src=\"https:\/\/www.bklbilisim.com\/wp-content\/uploads\/2022\/10\/home.jpg\" alt=\"\"> Yal\u0131 Mh. \u0130stasyon Cd. No:29 <strong>Dar\u0131ca\/KOCAEL\u0130<\/strong><\/p>\n\n\n\n<p><img loading=\"lazy\" decoding=\"async\" width=\"50\" height=\"45\" class=\"wp-image-180\" style=\"width: 50px;\" src=\"https:\/\/www.bklbilisim.com\/wp-content\/uploads\/2022\/10\/home.jpg\" alt=\"\"> Nida Kule Ata\u015fehir, Barbaros Mahallesi, Begonya Sk. No:1\/2 Bat\u0131 Ata\u015fehir, <strong>Ata\u015fehir\/\u0130STANBUL<\/strong><\/p>\n<\/div><\/div>\n<\/div>\n<\/div>\n<\/div>\n<\/div>\n\n\n\n<div class=\"wp-block-columns is-layout-flex wp-container-core-columns-is-layout-3 wp-block-columns-is-layout-flex\">\n<div class=\"wp-block-column is-layout-flow wp-block-column-is-layout-flow\">\n<p class=\"has-medium-font-size\"><img loading=\"lazy\" decoding=\"async\" width=\"50\" height=\"50\" class=\"wp-image-178\" style=\"width: 50px;\" src=\"https:\/\/www.bklbilisim.com\/wp-content\/uploads\/2022\/10\/email.png\" alt=\"\" srcset=\"https:\/\/www.bklbilisim.com\/wp-content\/uploads\/2022\/10\/email.png 221w, https:\/\/www.bklbilisim.com\/wp-content\/uploads\/2022\/10\/email-150x150.png 150w\" sizes=\"(max-width: 50px) 100vw, 50px\" \/>  <a href=\"mailto:info@bklbilisim.com\">info@bklbilisim.com<\/a><\/p>\n\n\n\n<p class=\"has-medium-font-size\"><img loading=\"lazy\" decoding=\"async\" width=\"50\" height=\"50\" class=\"wp-image-173\" style=\"width: 50px;\" src=\"https:\/\/www.bklbilisim.com\/wp-content\/uploads\/2022\/10\/Phone01.png\" alt=\"\" srcset=\"https:\/\/www.bklbilisim.com\/wp-content\/uploads\/2022\/10\/Phone01.png 220w, https:\/\/www.bklbilisim.com\/wp-content\/uploads\/2022\/10\/Phone01-150x150.png 150w\" sizes=\"(max-width: 50px) 100vw, 50px\" \/> <a href=\"tel:+90 850 281 04 14\">+90 262 745 11 41<\/a><\/p>\n\n\n\n<p><strong>Kep Adres :<\/strong> bkl.bilisim@hs01.kep.tr<\/p>\n<\/div>\n<\/div>\n\n\n\n<p><iframe src=\"https:\/\/www.google.com\/maps\/embed?pb=!1m18!1m12!1m3!1d943.1297367392673!2d29.166876193495877!3d40.9184939619499!2m3!1f0!2f0!3f0!3m2!1i1024!2i768!4f13.1!3m3!1m2!1s0x0%3A0x5dfd167e4dd837b8!2sJoker%20Ofis%20%7C%20Maltepe%20%7C%20Haz%C4%B1r%26Sanal%20Ofis%20Hizmetleri!5e1!3m2!1str!2str!4v1672917566163!5m2!1str!2str\" width=\"600\" height=\"450\" style=\"border:0;\" allowfullscreen=\"\" loading=\"lazy\" referrerpolicy=\"no-referrer-when-downgrade\"><\/iframe><\/p>\n\n\n\n<p><\/p>\n","protected":false},"excerpt":{"rendered":"<p>BKL Bili\u015fim Teknolojileri Yaz\u0131l\u0131m Dan\u0131\u015fmanl\u0131k E\u011fitim Tic. Ltd. \u015eti. Yal\u0131 Mh. \u0130stasyon Cd. No:29 Dar\u0131ca\/KOCAEL\u0130 Nida Kule Ata\u015fehir, Barbaros Mahallesi, [&hellip;]<\/p>\n","protected":false},"author":1,"featured_media":0,"parent":0,"menu_order":0,"comment_status":"closed","ping_status":"open","template":"page-templates\/full-width.php","meta":{"footnotes":""},"_links":{"self":[{"href":"https:\/\/www.bklbilisim.com\/index.php?rest_route=\/wp\/v2\/pages\/2"}],"collection":[{"href":"https:\/\/www.bklbilisim.com\/index.php?rest_route=\/wp\/v2\/pages"}],"about":[{"href":"https:\/\/www.bklbilisim.com\/index.php?rest_route=\/wp\/v2\/types\/page"}],"author":[{"embeddable":true,"href":"https:\/\/www.bklbilisim.com\/index.php?rest_route=\/wp\/v2\/users\/1"}],"replies":[{"embeddable":true,"href":"https:\/\/www.bklbilisim.com\/index.php?rest_route=%2Fwp%2Fv2%2Fcomments&post=2"}],"version-history":[{"count":19,"href":"https:\/\/www.bklbilisim.com\/index.php?rest_route=\/wp\/v2\/pages\/2\/revisions"}],"predecessor-version":[{"id":235,"href":"https:\/\/www.bklbilisim.com\/index.php?rest_route=\/wp\/v2\/pages\/2\/revisions\/235"}],"wp:attachment":[{"href":"https:\/\/www.bklbilisim.com\/index.php?rest_route=%2Fwp%2Fv2%2Fmedia&parent=2"}],"curies":[{"name":"wp","href":"https:\/\/api.w.org\/{rel}","templated":true}]}}